{"id":4525,"date":"2024-02-04T14:31:08","date_gmt":"2024-02-04T13:31:08","guid":{"rendered":"https:\/\/www.per-turbas.fr\/?page_id=4525"},"modified":"2024-03-27T10:40:27","modified_gmt":"2024-03-27T09:40:27","slug":"violence-en-decroissance-civilisationnelle-elias","status":"publish","type":"page","link":"https:\/\/www.per-turbas.fr\/index.php\/cours-2020-2023-ferrie\/violence-en-tous-genres\/violence-en-decroissance-civilisationnelle-elias\/","title":{"rendered":"Violence en d\u00e9croissance civilisationnelle (Elias)"},"content":{"rendered":"","protected":true},"excerpt":{"rendered":"","protected":true},"author":1,"featured_media":0,"parent":4331,"menu_order":2,"comment_status":"closed","ping_status":"closed","template":"","meta":{"footnotes":""},"class_list":["post-4525","page","type-page","status-publish","post-password-required","hentry"],"yoast_head":"<!-- This site is optimized with the Yoast SEO plugin v27.3 - https:\/\/yoast.com\/product\/yoast-seo-wordpress\/ -->\n<title>Violence en d\u00e9croissance civilisationnelle (Elias) - per turbas<\/title>\n<meta name=\"description\" content=\"turba perturbation philosophie politique mouvement mobilisation soci\u00e9t\u00e9 inconscient psychanalyse ethnologie anthropologie pol\u00e9mique nature Clastres Kant per-turbas\" \/>\n<meta name=\"robots\" content=\"index, follow, max-snippet:-1, max-image-preview:large, max-video-preview:-1\" \/>\n<link rel=\"canonical\" href=\"https:\/\/www.per-turbas.fr\/index.php\/cours-2020-2023-ferrie\/violence-en-tous-genres\/violence-en-decroissance-civilisationnelle-elias\/\" \/>\n<link rel=\"next\" href=\"https:\/\/www.per-turbas.fr\/index.php\/cours-2020-2023-ferrie\/violence-en-tous-genres\/violence-en-decroissance-civilisationnelle-elias\/2\/\" \/>\n<meta property=\"og:locale\" content=\"en_US\" \/>\n<meta property=\"og:type\" content=\"article\" \/>\n<meta property=\"og:title\" content=\"Violence en d\u00e9croissance civilisationnelle (Elias) - per turbas\" \/>\n<meta property=\"og:description\" content=\"turba perturbation philosophie politique mouvement mobilisation soci\u00e9t\u00e9 inconscient psychanalyse ethnologie anthropologie pol\u00e9mique nature Clastres Kant per-turbas\" \/>\n<meta property=\"og:url\" content=\"https:\/\/www.per-turbas.fr\/index.php\/cours-2020-2023-ferrie\/violence-en-tous-genres\/violence-en-decroissance-civilisationnelle-elias\/\" \/>\n<meta property=\"og:site_name\" content=\"per turbas\" \/>\n<meta property=\"article:modified_time\" content=\"2024-03-27T09:40:27+00:00\" \/>\n<meta name=\"twitter:card\" content=\"summary_large_image\" \/>\n<meta name=\"twitter:label1\" content=\"Est. reading time\" \/>\n\t<meta name=\"twitter:data1\" content=\"15 minutes\" \/>\n<script type=\"application\/ld+json\" class=\"yoast-schema-graph\">{\"@context\":\"https:\\\/\\\/schema.org\",\"@graph\":[{\"@type\":\"WebPage\",\"@id\":\"https:\\\/\\\/www.per-turbas.fr\\\/index.php\\\/cours-2020-2023-ferrie\\\/violence-en-tous-genres\\\/violence-en-decroissance-civilisationnelle-elias\\\/\",\"url\":\"https:\\\/\\\/www.per-turbas.fr\\\/index.php\\\/cours-2020-2023-ferrie\\\/violence-en-tous-genres\\\/violence-en-decroissance-civilisationnelle-elias\\\/\",\"name\":\"Violence en d\u00e9croissance civilisationnelle (Elias) - per turbas\",\"isPartOf\":{\"@id\":\"https:\\\/\\\/www.per-turbas.fr\\\/#website\"},\"datePublished\":\"2024-02-04T13:31:08+00:00\",\"dateModified\":\"2024-03-27T09:40:27+00:00\",\"breadcrumb\":{\"@id\":\"https:\\\/\\\/www.per-turbas.fr\\\/index.php\\\/cours-2020-2023-ferrie\\\/violence-en-tous-genres\\\/violence-en-decroissance-civilisationnelle-elias\\\/#breadcrumb\"},\"inLanguage\":\"en-US\"},{\"@type\":\"WebSite\",\"@id\":\"https:\\\/\\\/www.per-turbas.fr\\\/#website\",\"url\":\"https:\\\/\\\/www.per-turbas.fr\\\/\",\"name\":\"per turbas\",\"description\":\"le site philosophique de Christian Ferri\u00e9\",\"publisher\":{\"@id\":\"https:\\\/\\\/www.per-turbas.fr\\\/#\\\/schema\\\/person\\\/f9d39376436e76bb0cb2e044e2d2b73d\"},\"potentialAction\":[{\"@type\":\"SearchAction\",\"target\":{\"@type\":\"EntryPoint\",\"urlTemplate\":\"https:\\\/\\\/www.per-turbas.fr\\\/?s={search_term_string}\"},\"query-input\":{\"@type\":\"PropertyValueSpecification\",\"valueRequired\":true,\"valueName\":\"search_term_string\"}}],\"inLanguage\":\"en-US\"}]}<\/script>\n<!-- \/ Yoast SEO plugin. -->","yoast_head_json":{"title":"Violence en d\u00e9croissance civilisationnelle (Elias) - per turbas","description":"turba perturbation philosophie politique mouvement mobilisation soci\u00e9t\u00e9 inconscient psychanalyse ethnologie anthropologie pol\u00e9mique nature Clastres Kant per-turbas","robots":{"index":"index","follow":"follow","max-snippet":"max-snippet:-1","max-image-preview":"max-image-preview:large","max-video-preview":"max-video-preview:-1"},"canonical":"https:\/\/www.per-turbas.fr\/index.php\/cours-2020-2023-ferrie\/violence-en-tous-genres\/violence-en-decroissance-civilisationnelle-elias\/","next":"https:\/\/www.per-turbas.fr\/index.php\/cours-2020-2023-ferrie\/violence-en-tous-genres\/violence-en-decroissance-civilisationnelle-elias\/2\/","og_locale":"en_US","og_type":"article","og_title":"Violence en d\u00e9croissance civilisationnelle (Elias) - per turbas","og_description":"turba perturbation philosophie politique mouvement mobilisation soci\u00e9t\u00e9 inconscient psychanalyse ethnologie anthropologie pol\u00e9mique nature Clastres Kant per-turbas","og_url":"https:\/\/www.per-turbas.fr\/index.php\/cours-2020-2023-ferrie\/violence-en-tous-genres\/violence-en-decroissance-civilisationnelle-elias\/","og_site_name":"per turbas","article_modified_time":"2024-03-27T09:40:27+00:00","twitter_card":"summary_large_image","twitter_misc":{"Est. reading time":"15 minutes"},"schema":{"@context":"https:\/\/schema.org","@graph":[{"@type":"WebPage","@id":"https:\/\/www.per-turbas.fr\/index.php\/cours-2020-2023-ferrie\/violence-en-tous-genres\/violence-en-decroissance-civilisationnelle-elias\/","url":"https:\/\/www.per-turbas.fr\/index.php\/cours-2020-2023-ferrie\/violence-en-tous-genres\/violence-en-decroissance-civilisationnelle-elias\/","name":"Violence en d\u00e9croissance civilisationnelle (Elias) - per turbas","isPartOf":{"@id":"https:\/\/www.per-turbas.fr\/#website"},"datePublished":"2024-02-04T13:31:08+00:00","dateModified":"2024-03-27T09:40:27+00:00","breadcrumb":{"@id":"https:\/\/www.per-turbas.fr\/index.php\/cours-2020-2023-ferrie\/violence-en-tous-genres\/violence-en-decroissance-civilisationnelle-elias\/#breadcrumb"},"inLanguage":"en-US"},{"@type":"WebSite","@id":"https:\/\/www.per-turbas.fr\/#website","url":"https:\/\/www.per-turbas.fr\/","name":"per turbas","description":"le site philosophique de Christian Ferri\u00e9","publisher":{"@id":"https:\/\/www.per-turbas.fr\/#\/schema\/person\/f9d39376436e76bb0cb2e044e2d2b73d"},"potentialAction":[{"@type":"SearchAction","target":{"@type":"EntryPoint","urlTemplate":"https:\/\/www.per-turbas.fr\/?s={search_term_string}"},"query-input":{"@type":"PropertyValueSpecification","valueRequired":true,"valueName":"search_term_string"}}],"inLanguage":"en-US"}]}},"_links":{"self":[{"href":"https:\/\/www.per-turbas.fr\/index.php\/wp-json\/wp\/v2\/pages\/4525","targetHints":{"allow":["GET"]}}],"collection":[{"href":"https:\/\/www.per-turbas.fr\/index.php\/wp-json\/wp\/v2\/pages"}],"about":[{"href":"https:\/\/www.per-turbas.fr\/index.php\/wp-json\/wp\/v2\/types\/page"}],"author":[{"embeddable":true,"href":"https:\/\/www.per-turbas.fr\/index.php\/wp-json\/wp\/v2\/users\/1"}],"replies":[{"embeddable":true,"href":"https:\/\/www.per-turbas.fr\/index.php\/wp-json\/wp\/v2\/comments?post=4525"}],"version-history":[{"count":8,"href":"https:\/\/www.per-turbas.fr\/index.php\/wp-json\/wp\/v2\/pages\/4525\/revisions"}],"predecessor-version":[{"id":4577,"href":"https:\/\/www.per-turbas.fr\/index.php\/wp-json\/wp\/v2\/pages\/4525\/revisions\/4577"}],"up":[{"embeddable":true,"href":"https:\/\/www.per-turbas.fr\/index.php\/wp-json\/wp\/v2\/pages\/4331"}],"wp:attachment":[{"href":"https:\/\/www.per-turbas.fr\/index.php\/wp-json\/wp\/v2\/media?parent=4525"}],"curies":[{"name":"wp","href":"https:\/\/api.w.org\/{rel}","templated":true}]}}