{"id":244,"date":"2020-08-02T16:05:00","date_gmt":"2020-08-02T14:05:00","guid":{"rendered":"http:\/\/www.per-turbas.fr\/?page_id=244"},"modified":"2022-03-20T11:46:30","modified_gmt":"2022-03-20T10:46:30","slug":"arendt","status":"publish","type":"page","link":"https:\/\/www.per-turbas.fr\/index.php\/polis\/arendt\/","title":{"rendered":"Arendt"},"content":{"rendered":"\n<h6 class=\"has-text-align-center wp-block-heading\">bibliographie<\/h6>\n\n\n\n<p>\u00ab&nbsp;Le pouvoir du peuple entre nation et f\u00e9d\u00e9ration&nbsp;\u00bb (12 p.), <em>in<\/em>&nbsp;: A.&nbsp;Kupiec, M.&nbsp;Leibovici, G.&nbsp;Muhlmann &amp; E.&nbsp;Tassin (dir.), <em><a href=\"https:\/\/www.sens-tonka.net\/hannah-arendt-crises-de-letat-nation\" target=\"_blank\" rel=\"noreferrer noopener\">Hannah Arendt. Crises de l\u2019\u00c9tat-nation<\/a><\/em>, Sens&amp;Tonka, 2007, p.&nbsp;65-77.&nbsp;&nbsp;&nbsp;&nbsp;&nbsp;&nbsp;&nbsp;&nbsp;&nbsp;&nbsp;&nbsp;&nbsp;&nbsp;&nbsp;&nbsp;&nbsp;&nbsp;&nbsp;&nbsp;&nbsp;&nbsp;&nbsp;&nbsp;&nbsp;&nbsp;&nbsp;&nbsp;&nbsp;&nbsp;&nbsp;&nbsp;&nbsp;&nbsp;&nbsp;&nbsp;&nbsp;&nbsp;&nbsp;&nbsp;&nbsp;&nbsp;&nbsp;&nbsp;&nbsp;&nbsp;&nbsp;&nbsp;&nbsp;&nbsp;&nbsp; <br>&nbsp;&nbsp; (Colloque \u00e0 Paris&nbsp;VII sur Arendt&nbsp;: novembre 2006)<\/p>\n\n\n\n<p>\u00ab&nbsp;<a href=\"https:\/\/www.cairn.info\/revue-tumultes-2008-1-page-235.htm\" target=\"_blank\" rel=\"noreferrer noopener\">Une politique de lecture&nbsp;: Hannah Arendt en allemand<\/a>&nbsp;\u00bb (31 p.),<em> Tumultes<\/em>, n\u00b0&nbsp;30,<em> Hannah Arendt abroad. Lectures du monde<\/em>,mai 2008, p.&nbsp;235-266.<\/p>\n\n\n\n<p><\/p>\n\n\n\n<p>\u00ab&nbsp;L\u2019institution de la reconnaissance politique chez Hannah Arendt&nbsp;\u00bb (24 p.),<em> in<\/em>&nbsp;: M.&nbsp;Garrau et A.&nbsp;Le Goff (dir.), <em>La reconnaissance&nbsp;: perspectives critiques<\/em>, Publications du d\u00e9partement de philosophie de l\u2019Universit\u00e9 de Paris X, <em>Le temps philosophique<\/em>, janv.&nbsp;2009, p.&nbsp;199-223.<\/p>\n\n\n\n<p>\u00ab\u00a0<a href=\"http:\/\/www.e-revistes.uji.es\/index.php\/millars\/article\/view\/3443\/2839\" target=\"_blank\" rel=\"noreferrer noopener\">Le concept critique de nation de Hannah Arendt, \u00e0 la lumi\u00e8re de sa pol\u00e9mique secr\u00e8te avec Carl<\/a><a href=\"http:\/\/www.e-revistes.uji.es\/index.php\/millars\/article\/view\/3443\" target=\"_blank\" rel=\"noreferrer noopener\"> Schmitt<\/a>\u00a0\u00bb, <em>Millars<\/em>, xlvi 2018\/1, <em><a href=\"http:\/\/www.e-revistes.uji.es\/index.php\/millars\/article\/view\/3443\" target=\"_blank\" rel=\"noreferrer noopener\">Pensar la nati\u00f3n<\/a><\/em>, A. Aramini et C. Widmaier (dir.), Publicanions de la Universitat Jaume I.<\/p>\n\n\n\n<p class=\"has-text-align-center\">*<\/p>\n\n\n\n<blockquote class=\"wp-block-quote is-layout-flow wp-block-quote-is-layout-flow\"><p>Arendt contra Schmitt<br>                ou<br>Les sens de l\u2019\u00c9tat :le diagnostic arendtien de l\u2019\u00c9tat (national-)social comme total<\/p><cite>publication \u00e0 venir.\u00a9, Christian Ferri\u00e9, cf\u00e9ditions, 2020<\/cite><\/blockquote>\n","protected":false},"excerpt":{"rendered":"<p>bibliographie \u00ab&nbsp;Le pouvoir du peuple entre nation et f\u00e9d\u00e9ration&nbsp;\u00bb (12 p.), in&nbsp;: A.&nbsp;Kupiec, M.&nbsp;Leibovici, G.&nbsp;Muhlmann &amp; E.&nbsp;Tassin (dir.), Hannah Arendt. Crises de l\u2019\u00c9tat-nation, Sens&amp;Tonka, 2007, p.&nbsp;65-77.&nbsp;&nbsp;&nbsp;&nbsp;&nbsp;&nbsp;&nbsp;&nbsp;&nbsp;&nbsp;&nbsp;&nbsp;&nbsp;&nbsp;&nbsp;&nbsp;&nbsp;&nbsp;&nbsp;&nbsp;&nbsp;&nbsp;&nbsp;&nbsp;&nbsp;&nbsp;&nbsp;&nbsp;&nbsp;&nbsp;&nbsp;&nbsp;&nbsp;&nbsp;&nbsp;&nbsp;&nbsp;&nbsp;&nbsp;&nbsp;&nbsp;&nbsp;&nbsp;&nbsp;&nbsp;&nbsp;&nbsp;&nbsp;&nbsp;&nbsp; &nbsp;&nbsp; (Colloque \u00e0 Paris&nbsp;VII &hellip; <a href=\"https:\/\/www.per-turbas.fr\/index.php\/polis\/arendt\/\" class=\"more-link\">Continue reading<span class=\"screen-reader-text\"> &#8220;Arendt&#8221;<\/span><\/a><\/p>\n","protected":false},"author":1,"featured_media":0,"parent":53,"menu_order":1,"comment_status":"closed","ping_status":"closed","template":"","meta":{"footnotes":""},"class_list":["post-244","page","type-page","status-publish","hentry"],"yoast_head":"<!-- This site is optimized with the Yoast SEO plugin v27.3 - https:\/\/yoast.com\/product\/yoast-seo-wordpress\/ -->\n<title>Arendt - per turbas<\/title>\n<meta name=\"description\" content=\"turba perturbation philosophie politique mouvement mobilisation soci\u00e9t\u00e9 inconscient psychanalyse ethnologie anthropologie pol\u00e9mique nature Clastres Kant per-turbas\" \/>\n<meta name=\"robots\" content=\"index, follow, max-snippet:-1, max-image-preview:large, max-video-preview:-1\" \/>\n<link rel=\"canonical\" href=\"https:\/\/www.per-turbas.fr\/index.php\/polis\/arendt\/\" \/>\n<meta property=\"og:locale\" content=\"en_US\" \/>\n<meta property=\"og:type\" content=\"article\" \/>\n<meta property=\"og:title\" content=\"Arendt - per turbas\" \/>\n<meta property=\"og:description\" content=\"turba perturbation philosophie politique mouvement mobilisation soci\u00e9t\u00e9 inconscient psychanalyse ethnologie anthropologie pol\u00e9mique nature Clastres Kant per-turbas\" \/>\n<meta property=\"og:url\" content=\"https:\/\/www.per-turbas.fr\/index.php\/polis\/arendt\/\" \/>\n<meta property=\"og:site_name\" content=\"per turbas\" \/>\n<meta property=\"article:modified_time\" content=\"2022-03-20T10:46:30+00:00\" \/>\n<meta name=\"twitter:card\" content=\"summary_large_image\" \/>\n<meta name=\"twitter:label1\" content=\"Est. reading time\" \/>\n\t<meta name=\"twitter:data1\" content=\"1 minute\" \/>\n<script type=\"application\/ld+json\" class=\"yoast-schema-graph\">{\"@context\":\"https:\\\/\\\/schema.org\",\"@graph\":[{\"@type\":\"WebPage\",\"@id\":\"https:\\\/\\\/www.per-turbas.fr\\\/index.php\\\/polis\\\/arendt\\\/\",\"url\":\"https:\\\/\\\/www.per-turbas.fr\\\/index.php\\\/polis\\\/arendt\\\/\",\"name\":\"Arendt - per turbas\",\"isPartOf\":{\"@id\":\"https:\\\/\\\/www.per-turbas.fr\\\/#website\"},\"datePublished\":\"2020-08-02T14:05:00+00:00\",\"dateModified\":\"2022-03-20T10:46:30+00:00\",\"description\":\"turba perturbation philosophie politique mouvement mobilisation soci\u00e9t\u00e9 inconscient psychanalyse ethnologie anthropologie pol\u00e9mique nature Clastres Kant per-turbas\",\"breadcrumb\":{\"@id\":\"https:\\\/\\\/www.per-turbas.fr\\\/index.php\\\/polis\\\/arendt\\\/#breadcrumb\"},\"inLanguage\":\"en-US\",\"potentialAction\":[{\"@type\":\"ReadAction\",\"target\":[\"https:\\\/\\\/www.per-turbas.fr\\\/index.php\\\/polis\\\/arendt\\\/\"]}]},{\"@type\":\"BreadcrumbList\",\"@id\":\"https:\\\/\\\/www.per-turbas.fr\\\/index.php\\\/polis\\\/arendt\\\/#breadcrumb\",\"itemListElement\":[{\"@type\":\"ListItem\",\"position\":1,\"name\":\"Accueil\",\"item\":\"https:\\\/\\\/www.per-turbas.fr\\\/\"},{\"@type\":\"ListItem\",\"position\":2,\"name\":\"polis\",\"item\":\"https:\\\/\\\/www.per-turbas.fr\\\/index.php\\\/polis\\\/\"},{\"@type\":\"ListItem\",\"position\":3,\"name\":\"Arendt\"}]},{\"@type\":\"WebSite\",\"@id\":\"https:\\\/\\\/www.per-turbas.fr\\\/#website\",\"url\":\"https:\\\/\\\/www.per-turbas.fr\\\/\",\"name\":\"per turbas\",\"description\":\"le site philosophique de Christian Ferri\u00e9\",\"publisher\":{\"@id\":\"https:\\\/\\\/www.per-turbas.fr\\\/#\\\/schema\\\/person\\\/f9d39376436e76bb0cb2e044e2d2b73d\"},\"potentialAction\":[{\"@type\":\"SearchAction\",\"target\":{\"@type\":\"EntryPoint\",\"urlTemplate\":\"https:\\\/\\\/www.per-turbas.fr\\\/?s={search_term_string}\"},\"query-input\":{\"@type\":\"PropertyValueSpecification\",\"valueRequired\":true,\"valueName\":\"search_term_string\"}}],\"inLanguage\":\"en-US\"},{\"@type\":[\"Person\",\"Organization\"],\"@id\":\"https:\\\/\\\/www.per-turbas.fr\\\/#\\\/schema\\\/person\\\/f9d39376436e76bb0cb2e044e2d2b73d\",\"name\":\"CF-\u00e9dition\",\"image\":{\"@type\":\"ImageObject\",\"inLanguage\":\"en-US\",\"@id\":\"https:\\\/\\\/secure.gravatar.com\\\/avatar\\\/65f88c205a5c581bca7da880d8b1f9ca1f4b8c3d0229d2ed9b48acc1ee61ea6b?s=96&d=mm&r=g\",\"url\":\"https:\\\/\\\/secure.gravatar.com\\\/avatar\\\/65f88c205a5c581bca7da880d8b1f9ca1f4b8c3d0229d2ed9b48acc1ee61ea6b?s=96&d=mm&r=g\",\"contentUrl\":\"https:\\\/\\\/secure.gravatar.com\\\/avatar\\\/65f88c205a5c581bca7da880d8b1f9ca1f4b8c3d0229d2ed9b48acc1ee61ea6b?s=96&d=mm&r=g\",\"caption\":\"CF-\u00e9dition\"},\"logo\":{\"@id\":\"https:\\\/\\\/secure.gravatar.com\\\/avatar\\\/65f88c205a5c581bca7da880d8b1f9ca1f4b8c3d0229d2ed9b48acc1ee61ea6b?s=96&d=mm&r=g\"}}]}<\/script>\n<!-- \/ Yoast SEO plugin. -->","yoast_head_json":{"title":"Arendt - per turbas","description":"turba perturbation philosophie politique mouvement mobilisation soci\u00e9t\u00e9 inconscient psychanalyse ethnologie anthropologie pol\u00e9mique nature Clastres Kant per-turbas","robots":{"index":"index","follow":"follow","max-snippet":"max-snippet:-1","max-image-preview":"max-image-preview:large","max-video-preview":"max-video-preview:-1"},"canonical":"https:\/\/www.per-turbas.fr\/index.php\/polis\/arendt\/","og_locale":"en_US","og_type":"article","og_title":"Arendt - per turbas","og_description":"turba perturbation philosophie politique mouvement mobilisation soci\u00e9t\u00e9 inconscient psychanalyse ethnologie anthropologie pol\u00e9mique nature Clastres Kant per-turbas","og_url":"https:\/\/www.per-turbas.fr\/index.php\/polis\/arendt\/","og_site_name":"per turbas","article_modified_time":"2022-03-20T10:46:30+00:00","twitter_card":"summary_large_image","twitter_misc":{"Est. reading time":"1 minute"},"schema":{"@context":"https:\/\/schema.org","@graph":[{"@type":"WebPage","@id":"https:\/\/www.per-turbas.fr\/index.php\/polis\/arendt\/","url":"https:\/\/www.per-turbas.fr\/index.php\/polis\/arendt\/","name":"Arendt - per turbas","isPartOf":{"@id":"https:\/\/www.per-turbas.fr\/#website"},"datePublished":"2020-08-02T14:05:00+00:00","dateModified":"2022-03-20T10:46:30+00:00","description":"turba perturbation philosophie politique mouvement mobilisation soci\u00e9t\u00e9 inconscient psychanalyse ethnologie anthropologie pol\u00e9mique nature Clastres Kant per-turbas","breadcrumb":{"@id":"https:\/\/www.per-turbas.fr\/index.php\/polis\/arendt\/#breadcrumb"},"inLanguage":"en-US","potentialAction":[{"@type":"ReadAction","target":["https:\/\/www.per-turbas.fr\/index.php\/polis\/arendt\/"]}]},{"@type":"BreadcrumbList","@id":"https:\/\/www.per-turbas.fr\/index.php\/polis\/arendt\/#breadcrumb","itemListElement":[{"@type":"ListItem","position":1,"name":"Accueil","item":"https:\/\/www.per-turbas.fr\/"},{"@type":"ListItem","position":2,"name":"polis","item":"https:\/\/www.per-turbas.fr\/index.php\/polis\/"},{"@type":"ListItem","position":3,"name":"Arendt"}]},{"@type":"WebSite","@id":"https:\/\/www.per-turbas.fr\/#website","url":"https:\/\/www.per-turbas.fr\/","name":"per turbas","description":"le site philosophique de Christian Ferri\u00e9","publisher":{"@id":"https:\/\/www.per-turbas.fr\/#\/schema\/person\/f9d39376436e76bb0cb2e044e2d2b73d"},"potentialAction":[{"@type":"SearchAction","target":{"@type":"EntryPoint","urlTemplate":"https:\/\/www.per-turbas.fr\/?s={search_term_string}"},"query-input":{"@type":"PropertyValueSpecification","valueRequired":true,"valueName":"search_term_string"}}],"inLanguage":"en-US"},{"@type":["Person","Organization"],"@id":"https:\/\/www.per-turbas.fr\/#\/schema\/person\/f9d39376436e76bb0cb2e044e2d2b73d","name":"CF-\u00e9dition","image":{"@type":"ImageObject","inLanguage":"en-US","@id":"https:\/\/secure.gravatar.com\/avatar\/65f88c205a5c581bca7da880d8b1f9ca1f4b8c3d0229d2ed9b48acc1ee61ea6b?s=96&d=mm&r=g","url":"https:\/\/secure.gravatar.com\/avatar\/65f88c205a5c581bca7da880d8b1f9ca1f4b8c3d0229d2ed9b48acc1ee61ea6b?s=96&d=mm&r=g","contentUrl":"https:\/\/secure.gravatar.com\/avatar\/65f88c205a5c581bca7da880d8b1f9ca1f4b8c3d0229d2ed9b48acc1ee61ea6b?s=96&d=mm&r=g","caption":"CF-\u00e9dition"},"logo":{"@id":"https:\/\/secure.gravatar.com\/avatar\/65f88c205a5c581bca7da880d8b1f9ca1f4b8c3d0229d2ed9b48acc1ee61ea6b?s=96&d=mm&r=g"}}]}},"_links":{"self":[{"href":"https:\/\/www.per-turbas.fr\/index.php\/wp-json\/wp\/v2\/pages\/244","targetHints":{"allow":["GET"]}}],"collection":[{"href":"https:\/\/www.per-turbas.fr\/index.php\/wp-json\/wp\/v2\/pages"}],"about":[{"href":"https:\/\/www.per-turbas.fr\/index.php\/wp-json\/wp\/v2\/types\/page"}],"author":[{"embeddable":true,"href":"https:\/\/www.per-turbas.fr\/index.php\/wp-json\/wp\/v2\/users\/1"}],"replies":[{"embeddable":true,"href":"https:\/\/www.per-turbas.fr\/index.php\/wp-json\/wp\/v2\/comments?post=244"}],"version-history":[{"count":0,"href":"https:\/\/www.per-turbas.fr\/index.php\/wp-json\/wp\/v2\/pages\/244\/revisions"}],"up":[{"embeddable":true,"href":"https:\/\/www.per-turbas.fr\/index.php\/wp-json\/wp\/v2\/pages\/53"}],"wp:attachment":[{"href":"https:\/\/www.per-turbas.fr\/index.php\/wp-json\/wp\/v2\/media?parent=244"}],"curies":[{"name":"wp","href":"https:\/\/api.w.org\/{rel}","templated":true}]}}