{"id":239,"date":"2020-08-02T15:47:19","date_gmt":"2020-08-02T13:47:19","guid":{"rendered":"http:\/\/www.per-turbas.fr\/?page_id=239"},"modified":"2021-11-05T17:27:03","modified_gmt":"2021-11-05T16:27:03","slug":"schmitt-carl-politique","status":"publish","type":"page","link":"https:\/\/www.per-turbas.fr\/index.php\/polemos\/schmitt-carl-politique\/","title":{"rendered":"Schmitt Carl"},"content":{"rendered":"\n<p>\u00ab\u00a0Le nationalracisme de Carl Schmitt\u00a0\u00bb (19 p.), <em>Cahiers philosophiques<\/em>, n\u00b0\u00a0109,<em> La voix<\/em>, avril 2007, p.\u00a059-78.<\/p>\n\n\n\n<p>\u00ab&nbsp;Le Rousseau de Carl Schmitt&nbsp;\u00bb (2 p.), <em><a href=\"http:\/\/rousseaustudies.free.fr\/Dictionnairereception.html\" target=\"_blank\" rel=\"noreferrer noopener\">Dictionnaire de la r\u00e9ception de J. J. Rousseau<\/a><\/em> (publication \u00e9lectronique, puis sur papier de l\u2019Equipe J.-J. Rousseau sous la direction de Tanguy L\u2019Aminot et Yves Vargas, Universit\u00e9 de Paris IV-Sorbonne : C.N.R.S. U.M.R. 8599).<br><\/p>\n\n\n\n<p>\u00ab&nbsp;Carl Schmitt, la repr\u00e9sentation national(rac)iste du peuple&nbsp;\u00bb (23 p.),<em> in<\/em>&nbsp;: Y. Vargas(dir.), <em>De la puissance du peuple<\/em>, tome IV&nbsp;: <em>Conservateurs et r\u00e9actionnaires. Le peuple mis \u00e0 mal<\/em>, Le temps des Cerises, 2010, p.&nbsp;225-238.<\/p>\n\n\n\n<p>\u00ab&nbsp;<a href=\"https:\/\/journals.openedition.org\/cps\/331\" target=\"_blank\" rel=\"noreferrer noopener\">La politique de Derrida contre l\u2019hostilit\u00e9 schmittienne<\/a>&nbsp;\u00bb (21 p.), <em>Cahiers philosophiques de Strasbourg<\/em>, n\u00b0&nbsp;39, <em>Jacques Derrida entre France et Allemagne<\/em>, Presses universitaires de Strasbourg, premier semestre 2016, p. 149-170.<\/p>\n\n\n<p style=\"padding-left: 80px;\">(Colloque \u00e0 Strasbourg \u00e0 l\u2019occasion du 10<sup>e<\/sup> anniversaire du d\u00e9c\u00e8s de Jacques Derrida&nbsp;: d\u00e9cembre 2014)<\/p>\n\n\n<p><\/p>\n\n\n\n<p>\u00ab <a href=\"https:\/\/www.cairn.info\/revue-la-pensee-2017-2-page-95.htm\" target=\"_blank\" rel=\"noreferrer noopener\">Carl Schmitt: visions nationalistes du bolchevisme<\/a>&nbsp;\u00bb, <em>La pens\u00e9e<\/em>, n\u00b0&nbsp;390, <em>Miroirs philosophiques de 1917<\/em>, avril\/juin 2017, p.&nbsp;95-106.<br><\/p>\n\n\n\n<p>\u00ab&nbsp;<a href=\"http:\/\/www.e-revistes.uji.es\/index.php\/millars\/article\/view\/3443\" target=\"_blank\" rel=\"noreferrer noopener\">Le concept critique de nation de Hannah Arendt, \u00e0 la lumi\u00e8re de sa pol\u00e9mique secr\u00e8te avec Carl Schmitt<\/a>&nbsp;\u00bb, <em>Millars<\/em>, xlvi 2018\/1, <em>Pensar la nati\u00f3n<\/em>, A. Aramini et C. Widmaier (dir.), Publicanions de la Universitat Jaume I.<\/p>\n\n\n\n<p id=\"block-19e6bd1d-9553-4b8c-a1bd-e4e4be627994\">\u00ab&nbsp;L\u2019injustice des guerres injustes : le jugement de Carl Schmitt&nbsp;\u00bb, <em>in <\/em>: GEMR, G. Bras (dir.), <em><em><a href=\"https:\/\/aupont9.com\/de-linjustice\/\" target=\"_blank\" rel=\"noreferrer noopener\">De l\u2019injustice<\/a><\/em><\/em>, <em>PONT 9<\/em>, 2020, p.&nbsp;350-363.<\/p>\n","protected":false},"excerpt":{"rendered":"<p>\u00ab\u00a0Le nationalracisme de Carl Schmitt\u00a0\u00bb (19 p.), Cahiers philosophiques, n\u00b0\u00a0109, La voix, avril 2007, p.\u00a059-78. \u00ab&nbsp;Le Rousseau de Carl Schmitt&nbsp;\u00bb (2 p.), Dictionnaire de la r\u00e9ception de J. J. Rousseau &hellip; <a href=\"https:\/\/www.per-turbas.fr\/index.php\/polemos\/schmitt-carl-politique\/\" class=\"more-link\">Continue reading<span class=\"screen-reader-text\"> &#8220;Schmitt Carl&#8221;<\/span><\/a><\/p>\n","protected":false},"author":1,"featured_media":0,"parent":219,"menu_order":1,"comment_status":"closed","ping_status":"closed","template":"","meta":{"footnotes":""},"class_list":["post-239","page","type-page","status-publish","hentry"],"yoast_head":"<!-- This site is optimized with the Yoast SEO plugin v27.4 - https:\/\/yoast.com\/product\/yoast-seo-wordpress\/ -->\n<title>Schmitt Carl - per turbas<\/title>\n<meta name=\"description\" content=\"turba perturbation philosophie politique mouvement mobilisation soci\u00e9t\u00e9 inconscient psychanalyse ethnologie anthropologie pol\u00e9mique nature Clastres Kant per-turbas\" \/>\n<meta name=\"robots\" content=\"index, follow, max-snippet:-1, max-image-preview:large, max-video-preview:-1\" \/>\n<link rel=\"canonical\" href=\"https:\/\/www.per-turbas.fr\/index.php\/polemos\/schmitt-carl-politique\/\" \/>\n<meta property=\"og:locale\" content=\"en_US\" \/>\n<meta property=\"og:type\" content=\"article\" \/>\n<meta property=\"og:title\" content=\"Schmitt Carl - per turbas\" \/>\n<meta property=\"og:description\" content=\"turba perturbation philosophie politique mouvement mobilisation soci\u00e9t\u00e9 inconscient psychanalyse ethnologie anthropologie pol\u00e9mique nature Clastres Kant per-turbas\" \/>\n<meta property=\"og:url\" content=\"https:\/\/www.per-turbas.fr\/index.php\/polemos\/schmitt-carl-politique\/\" \/>\n<meta property=\"og:site_name\" content=\"per turbas\" \/>\n<meta property=\"article:modified_time\" content=\"2021-11-05T16:27:03+00:00\" \/>\n<meta name=\"twitter:card\" content=\"summary_large_image\" \/>\n<meta name=\"twitter:label1\" content=\"Est. reading time\" \/>\n\t<meta name=\"twitter:data1\" content=\"1 minute\" \/>\n<script type=\"application\/ld+json\" class=\"yoast-schema-graph\">{\"@context\":\"https:\\\/\\\/schema.org\",\"@graph\":[{\"@type\":\"WebPage\",\"@id\":\"https:\\\/\\\/www.per-turbas.fr\\\/index.php\\\/polemos\\\/schmitt-carl-politique\\\/\",\"url\":\"https:\\\/\\\/www.per-turbas.fr\\\/index.php\\\/polemos\\\/schmitt-carl-politique\\\/\",\"name\":\"Schmitt Carl - per turbas\",\"isPartOf\":{\"@id\":\"https:\\\/\\\/www.per-turbas.fr\\\/#website\"},\"datePublished\":\"2020-08-02T13:47:19+00:00\",\"dateModified\":\"2021-11-05T16:27:03+00:00\",\"description\":\"turba perturbation philosophie politique mouvement mobilisation soci\u00e9t\u00e9 inconscient psychanalyse ethnologie anthropologie pol\u00e9mique nature Clastres Kant per-turbas\",\"breadcrumb\":{\"@id\":\"https:\\\/\\\/www.per-turbas.fr\\\/index.php\\\/polemos\\\/schmitt-carl-politique\\\/#breadcrumb\"},\"inLanguage\":\"en-US\",\"potentialAction\":[{\"@type\":\"ReadAction\",\"target\":[\"https:\\\/\\\/www.per-turbas.fr\\\/index.php\\\/polemos\\\/schmitt-carl-politique\\\/\"]}]},{\"@type\":\"BreadcrumbList\",\"@id\":\"https:\\\/\\\/www.per-turbas.fr\\\/index.php\\\/polemos\\\/schmitt-carl-politique\\\/#breadcrumb\",\"itemListElement\":[{\"@type\":\"ListItem\",\"position\":1,\"name\":\"Accueil\",\"item\":\"https:\\\/\\\/www.per-turbas.fr\\\/\"},{\"@type\":\"ListItem\",\"position\":2,\"name\":\"p\u00f3lemos\",\"item\":\"https:\\\/\\\/www.per-turbas.fr\\\/index.php\\\/polemos\\\/\"},{\"@type\":\"ListItem\",\"position\":3,\"name\":\"Schmitt Carl\"}]},{\"@type\":\"WebSite\",\"@id\":\"https:\\\/\\\/www.per-turbas.fr\\\/#website\",\"url\":\"https:\\\/\\\/www.per-turbas.fr\\\/\",\"name\":\"per turbas\",\"description\":\"le site philosophique de Christian Ferri\u00e9\",\"publisher\":{\"@id\":\"https:\\\/\\\/www.per-turbas.fr\\\/#\\\/schema\\\/person\\\/f9d39376436e76bb0cb2e044e2d2b73d\"},\"potentialAction\":[{\"@type\":\"SearchAction\",\"target\":{\"@type\":\"EntryPoint\",\"urlTemplate\":\"https:\\\/\\\/www.per-turbas.fr\\\/?s={search_term_string}\"},\"query-input\":{\"@type\":\"PropertyValueSpecification\",\"valueRequired\":true,\"valueName\":\"search_term_string\"}}],\"inLanguage\":\"en-US\"},{\"@type\":[\"Person\",\"Organization\"],\"@id\":\"https:\\\/\\\/www.per-turbas.fr\\\/#\\\/schema\\\/person\\\/f9d39376436e76bb0cb2e044e2d2b73d\",\"name\":\"CF-\u00e9dition\",\"image\":{\"@type\":\"ImageObject\",\"inLanguage\":\"en-US\",\"@id\":\"https:\\\/\\\/secure.gravatar.com\\\/avatar\\\/65f88c205a5c581bca7da880d8b1f9ca1f4b8c3d0229d2ed9b48acc1ee61ea6b?s=96&d=mm&r=g\",\"url\":\"https:\\\/\\\/secure.gravatar.com\\\/avatar\\\/65f88c205a5c581bca7da880d8b1f9ca1f4b8c3d0229d2ed9b48acc1ee61ea6b?s=96&d=mm&r=g\",\"contentUrl\":\"https:\\\/\\\/secure.gravatar.com\\\/avatar\\\/65f88c205a5c581bca7da880d8b1f9ca1f4b8c3d0229d2ed9b48acc1ee61ea6b?s=96&d=mm&r=g\",\"caption\":\"CF-\u00e9dition\"},\"logo\":{\"@id\":\"https:\\\/\\\/secure.gravatar.com\\\/avatar\\\/65f88c205a5c581bca7da880d8b1f9ca1f4b8c3d0229d2ed9b48acc1ee61ea6b?s=96&d=mm&r=g\"}}]}<\/script>\n<!-- \/ Yoast SEO plugin. -->","yoast_head_json":{"title":"Schmitt Carl - per turbas","description":"turba perturbation philosophie politique mouvement mobilisation soci\u00e9t\u00e9 inconscient psychanalyse ethnologie anthropologie pol\u00e9mique nature Clastres Kant per-turbas","robots":{"index":"index","follow":"follow","max-snippet":"max-snippet:-1","max-image-preview":"max-image-preview:large","max-video-preview":"max-video-preview:-1"},"canonical":"https:\/\/www.per-turbas.fr\/index.php\/polemos\/schmitt-carl-politique\/","og_locale":"en_US","og_type":"article","og_title":"Schmitt Carl - per turbas","og_description":"turba perturbation philosophie politique mouvement mobilisation soci\u00e9t\u00e9 inconscient psychanalyse ethnologie anthropologie pol\u00e9mique nature Clastres Kant per-turbas","og_url":"https:\/\/www.per-turbas.fr\/index.php\/polemos\/schmitt-carl-politique\/","og_site_name":"per turbas","article_modified_time":"2021-11-05T16:27:03+00:00","twitter_card":"summary_large_image","twitter_misc":{"Est. reading time":"1 minute"},"schema":{"@context":"https:\/\/schema.org","@graph":[{"@type":"WebPage","@id":"https:\/\/www.per-turbas.fr\/index.php\/polemos\/schmitt-carl-politique\/","url":"https:\/\/www.per-turbas.fr\/index.php\/polemos\/schmitt-carl-politique\/","name":"Schmitt Carl - per turbas","isPartOf":{"@id":"https:\/\/www.per-turbas.fr\/#website"},"datePublished":"2020-08-02T13:47:19+00:00","dateModified":"2021-11-05T16:27:03+00:00","description":"turba perturbation philosophie politique mouvement mobilisation soci\u00e9t\u00e9 inconscient psychanalyse ethnologie anthropologie pol\u00e9mique nature Clastres Kant per-turbas","breadcrumb":{"@id":"https:\/\/www.per-turbas.fr\/index.php\/polemos\/schmitt-carl-politique\/#breadcrumb"},"inLanguage":"en-US","potentialAction":[{"@type":"ReadAction","target":["https:\/\/www.per-turbas.fr\/index.php\/polemos\/schmitt-carl-politique\/"]}]},{"@type":"BreadcrumbList","@id":"https:\/\/www.per-turbas.fr\/index.php\/polemos\/schmitt-carl-politique\/#breadcrumb","itemListElement":[{"@type":"ListItem","position":1,"name":"Accueil","item":"https:\/\/www.per-turbas.fr\/"},{"@type":"ListItem","position":2,"name":"p\u00f3lemos","item":"https:\/\/www.per-turbas.fr\/index.php\/polemos\/"},{"@type":"ListItem","position":3,"name":"Schmitt Carl"}]},{"@type":"WebSite","@id":"https:\/\/www.per-turbas.fr\/#website","url":"https:\/\/www.per-turbas.fr\/","name":"per turbas","description":"le site philosophique de Christian Ferri\u00e9","publisher":{"@id":"https:\/\/www.per-turbas.fr\/#\/schema\/person\/f9d39376436e76bb0cb2e044e2d2b73d"},"potentialAction":[{"@type":"SearchAction","target":{"@type":"EntryPoint","urlTemplate":"https:\/\/www.per-turbas.fr\/?s={search_term_string}"},"query-input":{"@type":"PropertyValueSpecification","valueRequired":true,"valueName":"search_term_string"}}],"inLanguage":"en-US"},{"@type":["Person","Organization"],"@id":"https:\/\/www.per-turbas.fr\/#\/schema\/person\/f9d39376436e76bb0cb2e044e2d2b73d","name":"CF-\u00e9dition","image":{"@type":"ImageObject","inLanguage":"en-US","@id":"https:\/\/secure.gravatar.com\/avatar\/65f88c205a5c581bca7da880d8b1f9ca1f4b8c3d0229d2ed9b48acc1ee61ea6b?s=96&d=mm&r=g","url":"https:\/\/secure.gravatar.com\/avatar\/65f88c205a5c581bca7da880d8b1f9ca1f4b8c3d0229d2ed9b48acc1ee61ea6b?s=96&d=mm&r=g","contentUrl":"https:\/\/secure.gravatar.com\/avatar\/65f88c205a5c581bca7da880d8b1f9ca1f4b8c3d0229d2ed9b48acc1ee61ea6b?s=96&d=mm&r=g","caption":"CF-\u00e9dition"},"logo":{"@id":"https:\/\/secure.gravatar.com\/avatar\/65f88c205a5c581bca7da880d8b1f9ca1f4b8c3d0229d2ed9b48acc1ee61ea6b?s=96&d=mm&r=g"}}]}},"_links":{"self":[{"href":"https:\/\/www.per-turbas.fr\/index.php\/wp-json\/wp\/v2\/pages\/239","targetHints":{"allow":["GET"]}}],"collection":[{"href":"https:\/\/www.per-turbas.fr\/index.php\/wp-json\/wp\/v2\/pages"}],"about":[{"href":"https:\/\/www.per-turbas.fr\/index.php\/wp-json\/wp\/v2\/types\/page"}],"author":[{"embeddable":true,"href":"https:\/\/www.per-turbas.fr\/index.php\/wp-json\/wp\/v2\/users\/1"}],"replies":[{"embeddable":true,"href":"https:\/\/www.per-turbas.fr\/index.php\/wp-json\/wp\/v2\/comments?post=239"}],"version-history":[{"count":0,"href":"https:\/\/www.per-turbas.fr\/index.php\/wp-json\/wp\/v2\/pages\/239\/revisions"}],"up":[{"embeddable":true,"href":"https:\/\/www.per-turbas.fr\/index.php\/wp-json\/wp\/v2\/pages\/219"}],"wp:attachment":[{"href":"https:\/\/www.per-turbas.fr\/index.php\/wp-json\/wp\/v2\/media?parent=239"}],"curies":[{"name":"wp","href":"https:\/\/api.w.org\/{rel}","templated":true}]}}