{"id":1616,"date":"2020-10-31T13:14:38","date_gmt":"2020-10-31T12:14:38","guid":{"rendered":"http:\/\/www.per-turbas.fr\/?page_id=1616"},"modified":"2020-10-31T13:17:23","modified_gmt":"2020-10-31T12:17:23","slug":"habermas","status":"publish","type":"page","link":"https:\/\/www.per-turbas.fr\/index.php\/theorie-critique\/habermas\/","title":{"rendered":"Habermas"},"content":{"rendered":"\n<p>une \u00e9tude de la <em>Th\u00e9orie de l&#8217;agir communicatif<\/em> (1982)  de J\u00fcrgen Habermas sera mise en ligne d\u00e8s que possible<\/p>\n","protected":false},"excerpt":{"rendered":"<p>une \u00e9tude de la Th\u00e9orie de l&#8217;agir communicatif (1982) de J\u00fcrgen Habermas sera mise en ligne d\u00e8s que possible<\/p>\n","protected":false},"author":1,"featured_media":0,"parent":1591,"menu_order":2,"comment_status":"closed","ping_status":"closed","template":"","meta":{"footnotes":""},"class_list":["post-1616","page","type-page","status-publish","hentry"],"yoast_head":"<!-- This site is optimized with the Yoast SEO plugin v27.3 - https:\/\/yoast.com\/product\/yoast-seo-wordpress\/ -->\n<title>Habermas - per turbas<\/title>\n<meta name=\"description\" content=\"turba perturbation philosophie politique mouvement mobilisation soci\u00e9t\u00e9 inconscient psychanalyse ethnologie anthropologie pol\u00e9mique nature Clastres Kant per-turbas\" \/>\n<meta name=\"robots\" content=\"index, follow, max-snippet:-1, max-image-preview:large, max-video-preview:-1\" \/>\n<link rel=\"canonical\" href=\"https:\/\/www.per-turbas.fr\/index.php\/theorie-critique\/habermas\/\" \/>\n<meta property=\"og:locale\" content=\"en_US\" \/>\n<meta property=\"og:type\" content=\"article\" \/>\n<meta property=\"og:title\" content=\"Habermas - per turbas\" \/>\n<meta property=\"og:description\" content=\"turba perturbation philosophie politique mouvement mobilisation soci\u00e9t\u00e9 inconscient psychanalyse ethnologie anthropologie pol\u00e9mique nature Clastres Kant per-turbas\" \/>\n<meta property=\"og:url\" content=\"https:\/\/www.per-turbas.fr\/index.php\/theorie-critique\/habermas\/\" \/>\n<meta property=\"og:site_name\" content=\"per turbas\" \/>\n<meta property=\"article:modified_time\" content=\"2020-10-31T12:17:23+00:00\" \/>\n<meta name=\"twitter:card\" content=\"summary_large_image\" \/>\n<script type=\"application\/ld+json\" class=\"yoast-schema-graph\">{\"@context\":\"https:\\\/\\\/schema.org\",\"@graph\":[{\"@type\":\"WebPage\",\"@id\":\"https:\\\/\\\/www.per-turbas.fr\\\/index.php\\\/theorie-critique\\\/habermas\\\/\",\"url\":\"https:\\\/\\\/www.per-turbas.fr\\\/index.php\\\/theorie-critique\\\/habermas\\\/\",\"name\":\"Habermas - per turbas\",\"isPartOf\":{\"@id\":\"https:\\\/\\\/www.per-turbas.fr\\\/#website\"},\"datePublished\":\"2020-10-31T12:14:38+00:00\",\"dateModified\":\"2020-10-31T12:17:23+00:00\",\"description\":\"turba perturbation philosophie politique mouvement mobilisation soci\u00e9t\u00e9 inconscient psychanalyse ethnologie anthropologie pol\u00e9mique nature Clastres Kant per-turbas\",\"breadcrumb\":{\"@id\":\"https:\\\/\\\/www.per-turbas.fr\\\/index.php\\\/theorie-critique\\\/habermas\\\/#breadcrumb\"},\"inLanguage\":\"en-US\",\"potentialAction\":[{\"@type\":\"ReadAction\",\"target\":[\"https:\\\/\\\/www.per-turbas.fr\\\/index.php\\\/theorie-critique\\\/habermas\\\/\"]}]},{\"@type\":\"BreadcrumbList\",\"@id\":\"https:\\\/\\\/www.per-turbas.fr\\\/index.php\\\/theorie-critique\\\/habermas\\\/#breadcrumb\",\"itemListElement\":[{\"@type\":\"ListItem\",\"position\":1,\"name\":\"Accueil\",\"item\":\"https:\\\/\\\/www.per-turbas.fr\\\/\"},{\"@type\":\"ListItem\",\"position\":2,\"name\":\"Th\u00e9orie critique\",\"item\":\"https:\\\/\\\/www.per-turbas.fr\\\/index.php\\\/theorie-critique\\\/\"},{\"@type\":\"ListItem\",\"position\":3,\"name\":\"Habermas\"}]},{\"@type\":\"WebSite\",\"@id\":\"https:\\\/\\\/www.per-turbas.fr\\\/#website\",\"url\":\"https:\\\/\\\/www.per-turbas.fr\\\/\",\"name\":\"per turbas\",\"description\":\"le site philosophique de Christian Ferri\u00e9\",\"publisher\":{\"@id\":\"https:\\\/\\\/www.per-turbas.fr\\\/#\\\/schema\\\/person\\\/f9d39376436e76bb0cb2e044e2d2b73d\"},\"potentialAction\":[{\"@type\":\"SearchAction\",\"target\":{\"@type\":\"EntryPoint\",\"urlTemplate\":\"https:\\\/\\\/www.per-turbas.fr\\\/?s={search_term_string}\"},\"query-input\":{\"@type\":\"PropertyValueSpecification\",\"valueRequired\":true,\"valueName\":\"search_term_string\"}}],\"inLanguage\":\"en-US\"},{\"@type\":[\"Person\",\"Organization\"],\"@id\":\"https:\\\/\\\/www.per-turbas.fr\\\/#\\\/schema\\\/person\\\/f9d39376436e76bb0cb2e044e2d2b73d\",\"name\":\"CF-\u00e9dition\",\"image\":{\"@type\":\"ImageObject\",\"inLanguage\":\"en-US\",\"@id\":\"https:\\\/\\\/secure.gravatar.com\\\/avatar\\\/65f88c205a5c581bca7da880d8b1f9ca1f4b8c3d0229d2ed9b48acc1ee61ea6b?s=96&d=mm&r=g\",\"url\":\"https:\\\/\\\/secure.gravatar.com\\\/avatar\\\/65f88c205a5c581bca7da880d8b1f9ca1f4b8c3d0229d2ed9b48acc1ee61ea6b?s=96&d=mm&r=g\",\"contentUrl\":\"https:\\\/\\\/secure.gravatar.com\\\/avatar\\\/65f88c205a5c581bca7da880d8b1f9ca1f4b8c3d0229d2ed9b48acc1ee61ea6b?s=96&d=mm&r=g\",\"caption\":\"CF-\u00e9dition\"},\"logo\":{\"@id\":\"https:\\\/\\\/secure.gravatar.com\\\/avatar\\\/65f88c205a5c581bca7da880d8b1f9ca1f4b8c3d0229d2ed9b48acc1ee61ea6b?s=96&d=mm&r=g\"}}]}<\/script>\n<!-- \/ Yoast SEO plugin. -->","yoast_head_json":{"title":"Habermas - per turbas","description":"turba perturbation philosophie politique mouvement mobilisation soci\u00e9t\u00e9 inconscient psychanalyse ethnologie anthropologie pol\u00e9mique nature Clastres Kant per-turbas","robots":{"index":"index","follow":"follow","max-snippet":"max-snippet:-1","max-image-preview":"max-image-preview:large","max-video-preview":"max-video-preview:-1"},"canonical":"https:\/\/www.per-turbas.fr\/index.php\/theorie-critique\/habermas\/","og_locale":"en_US","og_type":"article","og_title":"Habermas - per turbas","og_description":"turba perturbation philosophie politique mouvement mobilisation soci\u00e9t\u00e9 inconscient psychanalyse ethnologie anthropologie pol\u00e9mique nature Clastres Kant per-turbas","og_url":"https:\/\/www.per-turbas.fr\/index.php\/theorie-critique\/habermas\/","og_site_name":"per turbas","article_modified_time":"2020-10-31T12:17:23+00:00","twitter_card":"summary_large_image","schema":{"@context":"https:\/\/schema.org","@graph":[{"@type":"WebPage","@id":"https:\/\/www.per-turbas.fr\/index.php\/theorie-critique\/habermas\/","url":"https:\/\/www.per-turbas.fr\/index.php\/theorie-critique\/habermas\/","name":"Habermas - per turbas","isPartOf":{"@id":"https:\/\/www.per-turbas.fr\/#website"},"datePublished":"2020-10-31T12:14:38+00:00","dateModified":"2020-10-31T12:17:23+00:00","description":"turba perturbation philosophie politique mouvement mobilisation soci\u00e9t\u00e9 inconscient psychanalyse ethnologie anthropologie pol\u00e9mique nature Clastres Kant per-turbas","breadcrumb":{"@id":"https:\/\/www.per-turbas.fr\/index.php\/theorie-critique\/habermas\/#breadcrumb"},"inLanguage":"en-US","potentialAction":[{"@type":"ReadAction","target":["https:\/\/www.per-turbas.fr\/index.php\/theorie-critique\/habermas\/"]}]},{"@type":"BreadcrumbList","@id":"https:\/\/www.per-turbas.fr\/index.php\/theorie-critique\/habermas\/#breadcrumb","itemListElement":[{"@type":"ListItem","position":1,"name":"Accueil","item":"https:\/\/www.per-turbas.fr\/"},{"@type":"ListItem","position":2,"name":"Th\u00e9orie critique","item":"https:\/\/www.per-turbas.fr\/index.php\/theorie-critique\/"},{"@type":"ListItem","position":3,"name":"Habermas"}]},{"@type":"WebSite","@id":"https:\/\/www.per-turbas.fr\/#website","url":"https:\/\/www.per-turbas.fr\/","name":"per turbas","description":"le site philosophique de Christian Ferri\u00e9","publisher":{"@id":"https:\/\/www.per-turbas.fr\/#\/schema\/person\/f9d39376436e76bb0cb2e044e2d2b73d"},"potentialAction":[{"@type":"SearchAction","target":{"@type":"EntryPoint","urlTemplate":"https:\/\/www.per-turbas.fr\/?s={search_term_string}"},"query-input":{"@type":"PropertyValueSpecification","valueRequired":true,"valueName":"search_term_string"}}],"inLanguage":"en-US"},{"@type":["Person","Organization"],"@id":"https:\/\/www.per-turbas.fr\/#\/schema\/person\/f9d39376436e76bb0cb2e044e2d2b73d","name":"CF-\u00e9dition","image":{"@type":"ImageObject","inLanguage":"en-US","@id":"https:\/\/secure.gravatar.com\/avatar\/65f88c205a5c581bca7da880d8b1f9ca1f4b8c3d0229d2ed9b48acc1ee61ea6b?s=96&d=mm&r=g","url":"https:\/\/secure.gravatar.com\/avatar\/65f88c205a5c581bca7da880d8b1f9ca1f4b8c3d0229d2ed9b48acc1ee61ea6b?s=96&d=mm&r=g","contentUrl":"https:\/\/secure.gravatar.com\/avatar\/65f88c205a5c581bca7da880d8b1f9ca1f4b8c3d0229d2ed9b48acc1ee61ea6b?s=96&d=mm&r=g","caption":"CF-\u00e9dition"},"logo":{"@id":"https:\/\/secure.gravatar.com\/avatar\/65f88c205a5c581bca7da880d8b1f9ca1f4b8c3d0229d2ed9b48acc1ee61ea6b?s=96&d=mm&r=g"}}]}},"_links":{"self":[{"href":"https:\/\/www.per-turbas.fr\/index.php\/wp-json\/wp\/v2\/pages\/1616","targetHints":{"allow":["GET"]}}],"collection":[{"href":"https:\/\/www.per-turbas.fr\/index.php\/wp-json\/wp\/v2\/pages"}],"about":[{"href":"https:\/\/www.per-turbas.fr\/index.php\/wp-json\/wp\/v2\/types\/page"}],"author":[{"embeddable":true,"href":"https:\/\/www.per-turbas.fr\/index.php\/wp-json\/wp\/v2\/users\/1"}],"replies":[{"embeddable":true,"href":"https:\/\/www.per-turbas.fr\/index.php\/wp-json\/wp\/v2\/comments?post=1616"}],"version-history":[{"count":0,"href":"https:\/\/www.per-turbas.fr\/index.php\/wp-json\/wp\/v2\/pages\/1616\/revisions"}],"up":[{"embeddable":true,"href":"https:\/\/www.per-turbas.fr\/index.php\/wp-json\/wp\/v2\/pages\/1591"}],"wp:attachment":[{"href":"https:\/\/www.per-turbas.fr\/index.php\/wp-json\/wp\/v2\/media?parent=1616"}],"curies":[{"name":"wp","href":"https:\/\/api.w.org\/{rel}","templated":true}]}}