{"id":1583,"date":"2020-10-26T10:34:43","date_gmt":"2020-10-26T09:34:43","guid":{"rendered":"http:\/\/www.per-turbas.fr\/?page_id=1583"},"modified":"2025-12-28T12:18:41","modified_gmt":"2025-12-28T11:18:41","slug":"clausewitz","status":"publish","type":"page","link":"https:\/\/www.per-turbas.fr\/index.php\/polemos\/clausewitz\/","title":{"rendered":"Clausewitz (2015)"},"content":{"rendered":"\n<p>un cours sur l&#8217;ouvrage <em>De la guerre<\/em> de Carl von Clausewitz, profess\u00e9 en 2015, sera mis en ligne d\u00e8s que possible. En attendant, en voil\u00e0 quelques \u00e9l\u00e9ments:<\/p>\n\n\n\n<p>1.<\/p>\n\n\n\n<p>D\u2019apr\u00e8s la c\u00e9l\u00e8bre formule de Clausewitz, \u00ab&nbsp;la guerre est une simple perp\u00e9tuation de la politique par d\u2019autres moyens&nbsp;\u00bb&nbsp;: elle est le moyen de la fin politique qui est poursuivie et, \u00e0 ce titre, elle est \u00ab&nbsp;un v\u00e9ritable instrument politique&nbsp;\u00bb. Carl von Clausewitz, <em>Vom Kriege<\/em> (1832), livre&nbsp;I, chap.&nbsp;1, \u00a7&nbsp;24 <em>vs<\/em> livre&nbsp;VIII, chap.&nbsp;vi&nbsp;b&nbsp;; trad. fr. <em>De la guerre<\/em>, Payot, \u00ab&nbsp;Petite Biblioth\u00e8que&nbsp;\u00bb, 2014, p.&nbsp;43-44<em> vs<\/em> p.&nbsp;342. En voir la reprise schmittienne dans <em>Le concept de politique<\/em>&nbsp;: Carl Schmitt, <em>Der Begriff des Politischen<\/em>, Duncker &amp; Humblot, 1932, p.&nbsp;34 et n.&nbsp;10&nbsp;; trad. fr. <em>La notion de politique<\/em>, Calmann-L\u00e9vy, 1972, p.&nbsp;73-74 et note p.&nbsp;201-202.<\/p>\n\n\n\n<p>Clausewitz n\u2019a pas tort de diagnostiquer, au d\u00e9but du xix<sup>e<\/sup> si\u00e8cle, une r\u00e9volution d\u00e9cisive dans l\u2019art de la guerre&nbsp;: depuis la R\u00e9volution fran\u00e7aise, des guerres fond\u00e9es sur l\u2019enr\u00f4lement de masse de la population prennent bien la rel\u00e8ve des pr\u00e9tendues \u00ab&nbsp;guerres en dentelles&nbsp;\u00bb entre arm\u00e9es royales professionnelles, m\u00eame si cette expression est un v\u00e9ritable euph\u00e9misme (par exemple, la guerre de sept ans entre la Prusse et la Russie a eu un co\u00fbt humain d\u2019un million de morts). Carl von Clausewitz, <em>Vom Kriege<\/em> (1832), livre&nbsp;VIII, chap.&nbsp;ii-iii. Selon Clausewitz, au xix<sup>e<\/sup> si\u00e8cle, l\u2019\u00e9poque n\u2019est plus \u00e0 la guerre de cabinets&nbsp;: \u00ab&nbsp;Au xviii<sup>e<\/sup> si\u00e8cle, \u00e0 l\u2019\u00e9poque des guerres de Sil\u00e9sie, la guerre \u00e9tait encore une simple affaire de cabinets \u00e0 laquelle le peuple prenait part en tant qu\u2019instrument aveugle&nbsp;; au d\u00e9but du xix<sup>e<\/sup> si\u00e8cle, les deux peuples \u00e9taient dans la balance&nbsp;\u00bb (<em>Hinterlassenes Werk des Generals Carl von Clausewitz<\/em>, Part.&nbsp;III, 3<sup>e<\/sup> \u00e9d., Berlin, 1869, chap.&nbsp;iii&nbsp;a, p.&nbsp;78&nbsp;; non traduit dans <em>De la guerre<\/em>, l\u2019\u00e9dition fran\u00e7aise de 2014).<\/p>\n\n\n\n<p>Au xix<sup>e<\/sup> si\u00e8cle, les peuples entrent dans la balance avec toute la virulence de leur haine instinctive pour l\u2019ennemi&nbsp;: Clausewitz, <em>De la guerre<\/em>, livre VIII, chap.&nbsp;3. L\u2019officier prussien n\u2019est d\u2019ailleurs pas hostile \u00e0 la guerre populaire (<em>Volkskrieg<\/em>) dont la gu\u00e9rilla n\u2019est qu\u2019un aspect (livre VI, chap.&nbsp;26). S\u2019appuyant sur Clausewitz dans la <em>Th\u00e9orie du partisan<\/em>, Schmitt consid\u00e8re pour sa part que les guerres r\u00e9volutionnaires et napol\u00e9oniennes constituent le pr\u00e9lude aux guerres d\u00e9mocratiques ou nationales entre les peuples qu\u2019il illustre par l\u2019appel de Gambetta \u00e0 la \u00ab&nbsp;guerre <em>\u00e0 outrance<\/em>&nbsp;\u00bb, con\u00e7ue comme une guerre populaire (<em>Volkskrieg<\/em>) que Schmitt qualifie successivement de <em>d\u00e9mocratique<\/em> et de <em>nationale<\/em>&nbsp;: Carl Schmitt, <em>Theorie des Partisanen <\/em>(1963), Duncker &amp; Humblot, 1995, p.&nbsp;41&nbsp;; trad. fr. de la <em>Th\u00e9orie du partisan<\/em>, Calmann-L\u00e9vy, 1972,p.&nbsp;249. La d\u00e9nonciation du \u00ab&nbsp;juif Gambetta&nbsp;\u00bb se trouve d\u00e9j\u00e0 dans le pamphlet d\u2019Erich Ludendorff, <em>Der totale Krieg<\/em>, Ludendorffs Verlag, Munich, 1935, p.&nbsp;11, <em>cf<\/em>. p.&nbsp;4.<\/p>\n\n\n\n<p>2.<\/p>\n\n\n\n<p>Clausewitz affirme que la guerre, vu qu\u2019elle surgit dans une situation politique et n\u2019\u00e9clate que pour un motif politique, est \u00ab&nbsp;un acte politique&nbsp;\u00bb&nbsp;: <em>De la guerre<\/em> (1832), livre&nbsp;I, chap.&nbsp;1, \u00a7&nbsp;23, trad. fr. p.&nbsp;42. <\/p>\n\n\n\n<p>Clausewitz discerne deux mani\u00e8res de faire la guerre en fonction du but poursuivi (tout en conc\u00e9dant l\u2019existence de types interm\u00e9diaires dans une des trois notes qui ouvrent la publication posthume du Trait\u00e9)&nbsp;: la guerre absolue, comme id\u00e9al th\u00e9orique et abstrait de la guerre, vise \u00e0 l\u2019an\u00e9antissement politique de l\u2019ennemi en le d\u00e9sarmant ou en le contraignant \u00e0 la paix&nbsp;; la guerre effective, qui devient plus <em>politique<\/em> en s\u2019\u00e9loignant du but de la guerre id\u00e9ale, poursuit l\u2019objectif d\u2019une conqu\u00eate locale (<em>De la guerre<\/em>, livre&nbsp;I, chap.&nbsp;1, \u00a7&nbsp;25). La guerre absolue dont parle Clausewitz en r\u00e9f\u00e9rence aux guerres napol\u00e9oniennes doit \u00eatre bien d\u00e9marqu\u00e9e de la <em>guerre totale<\/em> du xx<sup>e<\/sup> si\u00e8cle, et la guerre populaire dont il est question (<em>De la guerre<\/em>, livre&nbsp;VI, chap.&nbsp;26) est sans commune mesure avec la guerre des partisans que Carl Schmitt fustige en 1963 dans sa <em>Th\u00e9orie du partisan<\/em>.<\/p>\n\n\n\n<!--nextpage-->\n\n\n<h3 style=\"text-align: center;\"><span style=\"color: #0000ff;\">Violence \u00e0 la guerre<\/span><\/h3>\n<p>Pour Clausewitz, la guerre est \u00ab\u00a0un vrai cam\u00e9l\u00e9on\u00a0\u00bb qui change d\u2019aspect selon l\u2019importance prise par les trois tendances constitutives de cette \u00ab\u00a0remarquable Trinit\u00e9\u00a0\u00bb\u00a0:<\/p>\n<ol>\n<li>\u00ab\u00a0la violence (<em>Gewaltsamkeit<\/em>) originaire de son \u00e9l\u00e9ment, la haine et l\u2019hostilit\u00e9, qui sont \u00e0 consid\u00e9rer comme un instinct naturel aveugle\u00a0\u00bb qui habite le peuple, la guerre embrasant des passions d\u00e9j\u00e0 pr\u00e9sentes au sein des peuples\u00a0;<\/li>\n<li>\u00ab\u00a0<em>l\u2019activit\u00e9 libre de l\u2019\u00e2me\u00a0<\/em>\u00bb, qui calcule les probabilit\u00e9s et joue avec le hasard, est plut\u00f4t le fait du chef de l\u2019arm\u00e9e\u00a0;<\/li>\n<li>\u00ab\u00a0<em>le simple entendement<\/em>\u00bb, qui fait de la guerre un instrument subordonn\u00e9 en vue d\u2019un but politique, est la pr\u00e9rogative du gouvernement [<em>De la guerre<\/em> (1818-1830), livre I, chap. 1, \u00a7 28]<\/li>\n<\/ol>\n<h5 style=\"text-align: center;\"><span style=\"color: #ff00ff;\">contenir la violence haineuse<\/span><\/h5>\n<p>Les deux tendances strat\u00e9gique<sup>2<\/sup> et politique<sup>3<\/sup> permettent seules de <em>contenir<\/em> la premi\u00e8re des trois tendances constitutives de la guerre, la tendance <em>originaire<\/em> de la guerre qui est tout aussi bien l\u2019<em>\u00e9l\u00e9ment<\/em> m\u00eame de la guerre\u00a0: l\u2019hostilit\u00e9 et la haine de l\u2019ennemi comme condition de l\u2019affrontement des combattants, lequel exclut toute autre consid\u00e9ration que la logique m\u00eame du combat lui-m\u00eame qui requiert l\u2019usage de la violence pour gagner la guerre et court donc le risque de son d\u00e9cha\u00eenement. Car \u00ab\u00a0la tendance v\u00e9ritable de l\u2019art martial\u00a0\u00bb, c\u2019est l\u2019utilisation<em> extr\u00eame de la violence<\/em> sans \u00e9gard pour le sang vers\u00e9 dans la mesure o\u00f9 seule cette extr\u00e9mit\u00e9 permet de l\u2019emporter sur l\u2019adversaire en manifestant une force de r\u00e9solution mentale sup\u00e9rieure \u00e0 l\u2019autre : ce qui produit effectivement une escalade de la violence qu\u2019il convient de contenir pour \u00e9viter le cas de figure d\u2019une \u00ab guerre absolue \u00bb qui pousse la logique de l\u2019affrontement violent jusqu\u2019\u00e0 la cons\u00e9quence extr\u00eame de l\u2019an\u00e9antissement politique ou militaire de l\u2019ennemi.\u00a0 Pour Clausewitz, la violence exerc\u00e9e pendant la guerre est humainement indissociable de l\u2019hostilit\u00e9 ressentie sous la forme de la haine \u00e9prouv\u00e9e pour l\u2019ennemi (<em>hostis<\/em>).<\/p>\n<h5 style=\"text-align: center;\"><span style=\"color: #ff00ff;\">intensification moderne de la guerre<\/span><\/h5>\n<p>Or l\u2019officier prussien constate que la guerre a r\u00e9cemment chang\u00e9 de nature, les guerres r\u00e9volutionnaires et napol\u00e9oniennes s\u2019\u00e9tant substitu\u00e9es \u00e0 la guerre conventionnelle de cabinets : depuis lors, la guerre est devenue l\u2019affaire de tout un peuple avec pour cons\u00e9quence de d\u00e9cha\u00eener l\u2019\u00e9l\u00e9ment guerrier<a href=\"#_ftn1\" name=\"_ftnref1\">[1]<\/a>. Au XIX<sup>e<\/sup> si\u00e8cle donc, les peuples entrent dans la balance avec toute la virulence de leur haine instinctive pour l\u2019ennemi\u00a0: la guerre populaire (<em>Volkskrieg<\/em>), dont la gu\u00e9rilla n\u2019est qu\u2019un aspect, est en fait une cons\u00e9quence de la \u00ab\u00a0perc\u00e9e \u00e0 notre \u00e9poque de l\u2019\u00e9l\u00e9ment guerrier hors de son ancien cantonnement artificiel, une extension et un renforcement du processus de fermentation qu\u2019on appelle guerre<a href=\"#_ftn2\" name=\"_ftnref2\">[2]<\/a>\u00a0\u00bb. C\u2019est une nouvelle strat\u00e9gie de la guerre moderne qui consiste \u00e0 combiner arm\u00e9e r\u00e9guli\u00e8re et troupes irr\u00e9guli\u00e8res, les corps francs du peuple anim\u00e9s par la haine de l\u2019ennemi pouvant d\u00e9truire les bases de l\u2019arm\u00e9e adverse en d\u00e9clenchant un brasier qui se propage lentement avant de produire un incendie g\u00e9n\u00e9ral.<\/p>\n<p style=\"padding-left: 40px;\"><a href=\"#_ftnref1\" name=\"_ftn1\">[1]<\/a> Carl von Clausewitz, <em>Vom Kriege<\/em>, partie III, livre VIII, chap.\u00a03B.<br \/><a href=\"#_ftnref2\" name=\"_ftn2\">[2]<\/a> <em>Ibid.<\/em>, partie II, livre VI, chap.\u00a026, p.\u00a0296.<\/p>\n\n\n<p><\/p>\n","protected":false},"excerpt":{"rendered":"<p>un cours sur l&#8217;ouvrage De la guerre de Carl von Clausewitz, profess\u00e9 en 2015, sera mis en ligne d\u00e8s que possible. En attendant, en voil\u00e0 quelques \u00e9l\u00e9ments: 1. D\u2019apr\u00e8s la &hellip; <a href=\"https:\/\/www.per-turbas.fr\/index.php\/polemos\/clausewitz\/\" class=\"more-link\">Continue reading<span class=\"screen-reader-text\"> &#8220;Clausewitz (2015)&#8221;<\/span><\/a><\/p>\n","protected":false},"author":1,"featured_media":0,"parent":219,"menu_order":1,"comment_status":"closed","ping_status":"closed","template":"","meta":{"footnotes":""},"class_list":["post-1583","page","type-page","status-publish","hentry"],"yoast_head":"<!-- This site is optimized with the Yoast SEO plugin v27.3 - https:\/\/yoast.com\/product\/yoast-seo-wordpress\/ -->\n<title>Clausewitz (2015) - per turbas<\/title>\n<meta name=\"description\" content=\"turba perturbation philosophie politique mouvement mobilisation soci\u00e9t\u00e9 inconscient psychanalyse ethnologie anthropologie pol\u00e9mique nature Clastres Kant per-turbas\" \/>\n<meta name=\"robots\" content=\"index, follow, max-snippet:-1, max-image-preview:large, max-video-preview:-1\" \/>\n<link rel=\"canonical\" href=\"https:\/\/www.per-turbas.fr\/index.php\/polemos\/clausewitz\/\" \/>\n<link rel=\"next\" href=\"https:\/\/www.per-turbas.fr\/index.php\/polemos\/clausewitz\/2\/\" \/>\n<meta property=\"og:locale\" content=\"en_US\" \/>\n<meta property=\"og:type\" content=\"article\" \/>\n<meta property=\"og:title\" content=\"Clausewitz (2015) - per turbas\" \/>\n<meta property=\"og:description\" content=\"turba perturbation philosophie politique mouvement mobilisation soci\u00e9t\u00e9 inconscient psychanalyse ethnologie anthropologie pol\u00e9mique nature Clastres Kant per-turbas\" \/>\n<meta property=\"og:url\" content=\"https:\/\/www.per-turbas.fr\/index.php\/polemos\/clausewitz\/\" \/>\n<meta property=\"og:site_name\" content=\"per turbas\" \/>\n<meta property=\"article:modified_time\" content=\"2025-12-28T11:18:41+00:00\" \/>\n<meta name=\"twitter:card\" content=\"summary_large_image\" \/>\n<meta name=\"twitter:label1\" content=\"Est. reading time\" \/>\n\t<meta name=\"twitter:data1\" content=\"5 minutes\" \/>\n<script type=\"application\/ld+json\" class=\"yoast-schema-graph\">{\"@context\":\"https:\\\/\\\/schema.org\",\"@graph\":[{\"@type\":\"WebPage\",\"@id\":\"https:\\\/\\\/www.per-turbas.fr\\\/index.php\\\/polemos\\\/clausewitz\\\/\",\"url\":\"https:\\\/\\\/www.per-turbas.fr\\\/index.php\\\/polemos\\\/clausewitz\\\/\",\"name\":\"Clausewitz (2015) - per turbas\",\"isPartOf\":{\"@id\":\"https:\\\/\\\/www.per-turbas.fr\\\/#website\"},\"datePublished\":\"2020-10-26T09:34:43+00:00\",\"dateModified\":\"2025-12-28T11:18:41+00:00\",\"description\":\"turba perturbation philosophie politique mouvement mobilisation soci\u00e9t\u00e9 inconscient psychanalyse ethnologie anthropologie pol\u00e9mique nature Clastres Kant per-turbas\",\"breadcrumb\":{\"@id\":\"https:\\\/\\\/www.per-turbas.fr\\\/index.php\\\/polemos\\\/clausewitz\\\/#breadcrumb\"},\"inLanguage\":\"en-US\",\"potentialAction\":[{\"@type\":\"ReadAction\",\"target\":[\"https:\\\/\\\/www.per-turbas.fr\\\/index.php\\\/polemos\\\/clausewitz\\\/\"]}]},{\"@type\":\"BreadcrumbList\",\"@id\":\"https:\\\/\\\/www.per-turbas.fr\\\/index.php\\\/polemos\\\/clausewitz\\\/#breadcrumb\",\"itemListElement\":[{\"@type\":\"ListItem\",\"position\":1,\"name\":\"Accueil\",\"item\":\"https:\\\/\\\/www.per-turbas.fr\\\/\"},{\"@type\":\"ListItem\",\"position\":2,\"name\":\"p\u00f3lemos\"}]},{\"@type\":\"WebSite\",\"@id\":\"https:\\\/\\\/www.per-turbas.fr\\\/#website\",\"url\":\"https:\\\/\\\/www.per-turbas.fr\\\/\",\"name\":\"per turbas\",\"description\":\"le site philosophique de Christian Ferri\u00e9\",\"publisher\":{\"@id\":\"https:\\\/\\\/www.per-turbas.fr\\\/#\\\/schema\\\/person\\\/f9d39376436e76bb0cb2e044e2d2b73d\"},\"potentialAction\":[{\"@type\":\"SearchAction\",\"target\":{\"@type\":\"EntryPoint\",\"urlTemplate\":\"https:\\\/\\\/www.per-turbas.fr\\\/?s={search_term_string}\"},\"query-input\":{\"@type\":\"PropertyValueSpecification\",\"valueRequired\":true,\"valueName\":\"search_term_string\"}}],\"inLanguage\":\"en-US\"},{\"@type\":[\"Person\",\"Organization\"],\"@id\":\"https:\\\/\\\/www.per-turbas.fr\\\/#\\\/schema\\\/person\\\/f9d39376436e76bb0cb2e044e2d2b73d\",\"name\":\"CF-\u00e9dition\",\"image\":{\"@type\":\"ImageObject\",\"inLanguage\":\"en-US\",\"@id\":\"https:\\\/\\\/secure.gravatar.com\\\/avatar\\\/65f88c205a5c581bca7da880d8b1f9ca1f4b8c3d0229d2ed9b48acc1ee61ea6b?s=96&d=mm&r=g\",\"url\":\"https:\\\/\\\/secure.gravatar.com\\\/avatar\\\/65f88c205a5c581bca7da880d8b1f9ca1f4b8c3d0229d2ed9b48acc1ee61ea6b?s=96&d=mm&r=g\",\"contentUrl\":\"https:\\\/\\\/secure.gravatar.com\\\/avatar\\\/65f88c205a5c581bca7da880d8b1f9ca1f4b8c3d0229d2ed9b48acc1ee61ea6b?s=96&d=mm&r=g\",\"caption\":\"CF-\u00e9dition\"},\"logo\":{\"@id\":\"https:\\\/\\\/secure.gravatar.com\\\/avatar\\\/65f88c205a5c581bca7da880d8b1f9ca1f4b8c3d0229d2ed9b48acc1ee61ea6b?s=96&d=mm&r=g\"}}]}<\/script>\n<!-- \/ Yoast SEO plugin. -->","yoast_head_json":{"title":"Clausewitz (2015) - per turbas","description":"turba perturbation philosophie politique mouvement mobilisation soci\u00e9t\u00e9 inconscient psychanalyse ethnologie anthropologie pol\u00e9mique nature Clastres Kant per-turbas","robots":{"index":"index","follow":"follow","max-snippet":"max-snippet:-1","max-image-preview":"max-image-preview:large","max-video-preview":"max-video-preview:-1"},"canonical":"https:\/\/www.per-turbas.fr\/index.php\/polemos\/clausewitz\/","next":"https:\/\/www.per-turbas.fr\/index.php\/polemos\/clausewitz\/2\/","og_locale":"en_US","og_type":"article","og_title":"Clausewitz (2015) - per turbas","og_description":"turba perturbation philosophie politique mouvement mobilisation soci\u00e9t\u00e9 inconscient psychanalyse ethnologie anthropologie pol\u00e9mique nature Clastres Kant per-turbas","og_url":"https:\/\/www.per-turbas.fr\/index.php\/polemos\/clausewitz\/","og_site_name":"per turbas","article_modified_time":"2025-12-28T11:18:41+00:00","twitter_card":"summary_large_image","twitter_misc":{"Est. reading time":"5 minutes"},"schema":{"@context":"https:\/\/schema.org","@graph":[{"@type":"WebPage","@id":"https:\/\/www.per-turbas.fr\/index.php\/polemos\/clausewitz\/","url":"https:\/\/www.per-turbas.fr\/index.php\/polemos\/clausewitz\/","name":"Clausewitz (2015) - per turbas","isPartOf":{"@id":"https:\/\/www.per-turbas.fr\/#website"},"datePublished":"2020-10-26T09:34:43+00:00","dateModified":"2025-12-28T11:18:41+00:00","description":"turba perturbation philosophie politique mouvement mobilisation soci\u00e9t\u00e9 inconscient psychanalyse ethnologie anthropologie pol\u00e9mique nature Clastres Kant per-turbas","breadcrumb":{"@id":"https:\/\/www.per-turbas.fr\/index.php\/polemos\/clausewitz\/#breadcrumb"},"inLanguage":"en-US","potentialAction":[{"@type":"ReadAction","target":["https:\/\/www.per-turbas.fr\/index.php\/polemos\/clausewitz\/"]}]},{"@type":"BreadcrumbList","@id":"https:\/\/www.per-turbas.fr\/index.php\/polemos\/clausewitz\/#breadcrumb","itemListElement":[{"@type":"ListItem","position":1,"name":"Accueil","item":"https:\/\/www.per-turbas.fr\/"},{"@type":"ListItem","position":2,"name":"p\u00f3lemos"}]},{"@type":"WebSite","@id":"https:\/\/www.per-turbas.fr\/#website","url":"https:\/\/www.per-turbas.fr\/","name":"per turbas","description":"le site philosophique de Christian Ferri\u00e9","publisher":{"@id":"https:\/\/www.per-turbas.fr\/#\/schema\/person\/f9d39376436e76bb0cb2e044e2d2b73d"},"potentialAction":[{"@type":"SearchAction","target":{"@type":"EntryPoint","urlTemplate":"https:\/\/www.per-turbas.fr\/?s={search_term_string}"},"query-input":{"@type":"PropertyValueSpecification","valueRequired":true,"valueName":"search_term_string"}}],"inLanguage":"en-US"},{"@type":["Person","Organization"],"@id":"https:\/\/www.per-turbas.fr\/#\/schema\/person\/f9d39376436e76bb0cb2e044e2d2b73d","name":"CF-\u00e9dition","image":{"@type":"ImageObject","inLanguage":"en-US","@id":"https:\/\/secure.gravatar.com\/avatar\/65f88c205a5c581bca7da880d8b1f9ca1f4b8c3d0229d2ed9b48acc1ee61ea6b?s=96&d=mm&r=g","url":"https:\/\/secure.gravatar.com\/avatar\/65f88c205a5c581bca7da880d8b1f9ca1f4b8c3d0229d2ed9b48acc1ee61ea6b?s=96&d=mm&r=g","contentUrl":"https:\/\/secure.gravatar.com\/avatar\/65f88c205a5c581bca7da880d8b1f9ca1f4b8c3d0229d2ed9b48acc1ee61ea6b?s=96&d=mm&r=g","caption":"CF-\u00e9dition"},"logo":{"@id":"https:\/\/secure.gravatar.com\/avatar\/65f88c205a5c581bca7da880d8b1f9ca1f4b8c3d0229d2ed9b48acc1ee61ea6b?s=96&d=mm&r=g"}}]}},"_links":{"self":[{"href":"https:\/\/www.per-turbas.fr\/index.php\/wp-json\/wp\/v2\/pages\/1583","targetHints":{"allow":["GET"]}}],"collection":[{"href":"https:\/\/www.per-turbas.fr\/index.php\/wp-json\/wp\/v2\/pages"}],"about":[{"href":"https:\/\/www.per-turbas.fr\/index.php\/wp-json\/wp\/v2\/types\/page"}],"author":[{"embeddable":true,"href":"https:\/\/www.per-turbas.fr\/index.php\/wp-json\/wp\/v2\/users\/1"}],"replies":[{"embeddable":true,"href":"https:\/\/www.per-turbas.fr\/index.php\/wp-json\/wp\/v2\/comments?post=1583"}],"version-history":[{"count":4,"href":"https:\/\/www.per-turbas.fr\/index.php\/wp-json\/wp\/v2\/pages\/1583\/revisions"}],"predecessor-version":[{"id":4723,"href":"https:\/\/www.per-turbas.fr\/index.php\/wp-json\/wp\/v2\/pages\/1583\/revisions\/4723"}],"up":[{"embeddable":true,"href":"https:\/\/www.per-turbas.fr\/index.php\/wp-json\/wp\/v2\/pages\/219"}],"wp:attachment":[{"href":"https:\/\/www.per-turbas.fr\/index.php\/wp-json\/wp\/v2\/media?parent=1583"}],"curies":[{"name":"wp","href":"https:\/\/api.w.org\/{rel}","templated":true}]}}